{"id":13,"date":"2021-12-21T13:48:02","date_gmt":"2021-12-21T13:48:02","guid":{"rendered":"http:\/\/palef.pl\/wp-pl\/?page_id=13"},"modified":"2022-06-08T09:57:06","modified_gmt":"2022-06-08T07:57:06","slug":"palef_home","status":"publish","type":"page","link":"https:\/\/palef.pl\/wp-pl\/","title":{"rendered":"Palef Sp. z o. o."},"content":{"rendered":"\n<hr class=\"wp-block-separator has-css-opacity is-style-wide\"\/>\n\n\n\n<div class=\"wp-block-media-text alignwide is-stacked-on-mobile\"><figure class=\"wp-block-media-text__media\"><img loading=\"lazy\" decoding=\"async\" width=\"450\" height=\"300\" src=\"https:\/\/palef.pl\/wp-pl\/wp-content\/uploads\/2021\/12\/OY_604045_wm_450x300_pl.png\" alt=\"\" class=\"wp-image-11 size-full\" srcset=\"https:\/\/palef.pl\/wp-pl\/wp-content\/uploads\/2021\/12\/OY_604045_wm_450x300_pl.png 450w, https:\/\/palef.pl\/wp-pl\/wp-content\/uploads\/2021\/12\/OY_604045_wm_450x300_pl-300x200.png 300w\" sizes=\"auto, (max-width: 450px) 100vw, 450px\" \/><\/figure><div class=\"wp-block-media-text__content\">\n<h4 class=\"wp-block-heading\">Odlewnia<\/h4>\n\n\n\n<p> Nasze produkty znajduj\u0105 bardzo r\u00f3\u017cne zastosowania, od motoryzacji, przez budownictwo, a\u017c po sprz\u0119t rehabilitacyjny.  Posiadamy du\u017ce do\u015bwiadczenie w projektowaniu, wykonywaniu, konstruowaniu i obr\u00f3bce form odlewniczych oraz odlew\u00f3w. <\/p>\n<\/div><\/div>\n\n\n\n<div style=\"height:25px\" aria-hidden=\"true\" class=\"wp-block-spacer\"><\/div>\n\n\n\n<hr class=\"wp-block-separator has-css-opacity is-style-wide\"\/>\n\n\n\n<div style=\"height:25px\" aria-hidden=\"true\" class=\"wp-block-spacer\"><\/div>\n\n\n\n<div class=\"wp-block-media-text alignwide has-media-on-the-right is-stacked-on-mobile\"><figure class=\"wp-block-media-text__media\"><img loading=\"lazy\" decoding=\"async\" width=\"450\" height=\"300\" src=\"https:\/\/palef.pl\/wp-pl\/wp-content\/uploads\/2021\/12\/cottage_wm_450x300_pl.png\" alt=\"\" class=\"wp-image-10 size-full\" srcset=\"https:\/\/palef.pl\/wp-pl\/wp-content\/uploads\/2021\/12\/cottage_wm_450x300_pl.png 450w, https:\/\/palef.pl\/wp-pl\/wp-content\/uploads\/2021\/12\/cottage_wm_450x300_pl-300x200.png 300w\" sizes=\"auto, (max-width: 450px) 100vw, 450px\" \/><\/figure><div class=\"wp-block-media-text__content\">\n<h4 class=\"wp-block-heading\">Ogrodzenia<\/h4>\n\n\n\n<p>Wykonujemy bramy, furtki, prz\u0119s\u0142a ogrodzeniowe z profili aluminiowych. <br>Oferowane przez nas produkty cechuje wysoka trwa\u0142o\u015b\u0107, solidno\u015b\u0107 i estetyka, przez co od lat ciesz\u0105 si\u0119 du\u017cym uznaniem klient\u00f3w.<\/p>\n<\/div><\/div>\n","protected":false},"excerpt":{"rendered":"<p>Odlewnia Nasze produkty znajduj\u0105 bardzo r\u00f3\u017cne zastosowania, od motoryzacji, przez budownictwo, a\u017c po sprz\u0119t rehabilitacyjny. Posiadamy du\u017ce do\u015bwiadczenie w projektowaniu, wykonywaniu, konstruowaniu i obr\u00f3bce form odlewniczych oraz odlew\u00f3w. Ogrodzenia Wykonujemy bramy, furtki, prz\u0119s\u0142a ogrodzeniowe z profili aluminiowych. Oferowane przez nas produkty cechuje wysoka trwa\u0142o\u015b\u0107, solidno\u015b\u0107 i estetyka, przez co od lat ciesz\u0105 si\u0119 du\u017cym uznaniem [&hellip;]<\/p>\n","protected":false},"author":1,"featured_media":0,"parent":0,"menu_order":0,"comment_status":"closed","ping_status":"closed","template":"","meta":{"site-sidebar-layout":"default","site-content-layout":"","ast-site-content-layout":"default","site-content-style":"default","site-sidebar-style":"default","ast-global-header-display":"","ast-banner-title-visibility":"","ast-main-header-display":"","ast-hfb-above-header-display":"","ast-hfb-below-header-display":"","ast-hfb-mobile-header-display":"","site-post-title":"","ast-breadcrumbs-content":"","ast-featured-img":"","footer-sml-layout":"","ast-disable-related-posts":"","theme-transparent-header-meta":"","adv-header-id-meta":"","stick-header-meta":"","header-above-stick-meta":"","header-main-stick-meta":"","header-below-stick-meta":"","astra-migrate-meta-layouts":"default","ast-page-background-enabled":"default","ast-page-background-meta":{"desktop":{"background-color":"var(--ast-global-color-4)","background-image":"","background-repeat":"repeat","background-position":"center center","background-size":"auto","background-attachment":"scroll","background-type":"","background-media":"","overlay-type":"","overlay-color":"","overlay-opacity":"","overlay-gradient":""},"tablet":{"background-color":"","background-image":"","background-repeat":"repeat","background-position":"center center","background-size":"auto","background-attachment":"scroll","background-type":"","background-media":"","overlay-type":"","overlay-color":"","overlay-opacity":"","overlay-gradient":""},"mobile":{"background-color":"","background-image":"","background-repeat":"repeat","background-position":"center center","background-size":"auto","background-attachment":"scroll","background-type":"","background-media":"","overlay-type":"","overlay-color":"","overlay-opacity":"","overlay-gradient":""}},"ast-content-background-meta":{"desktop":{"background-color":"var(--ast-global-color-5)","background-image":"","background-repeat":"repeat","background-position":"center center","background-size":"auto","background-attachment":"scroll","background-type":"","background-media":"","overlay-type":"","overlay-color":"","overlay-opacity":"","overlay-gradient":""},"tablet":{"background-color":"var(--ast-global-color-5)","background-image":"","background-repeat":"repeat","background-position":"center center","background-size":"auto","background-attachment":"scroll","background-type":"","background-media":"","overlay-type":"","overlay-color":"","overlay-opacity":"","overlay-gradient":""},"mobile":{"background-color":"var(--ast-global-color-5)","background-image":"","background-repeat":"repeat","background-position":"center center","background-size":"auto","background-attachment":"scroll","background-type":"","background-media":"","overlay-type":"","overlay-color":"","overlay-opacity":"","overlay-gradient":""}},"footnotes":""},"class_list":["post-13","page","type-page","status-publish","hentry"],"_links":{"self":[{"href":"https:\/\/palef.pl\/wp-pl\/wp-json\/wp\/v2\/pages\/13","targetHints":{"allow":["GET"]}}],"collection":[{"href":"https:\/\/palef.pl\/wp-pl\/wp-json\/wp\/v2\/pages"}],"about":[{"href":"https:\/\/palef.pl\/wp-pl\/wp-json\/wp\/v2\/types\/page"}],"author":[{"embeddable":true,"href":"https:\/\/palef.pl\/wp-pl\/wp-json\/wp\/v2\/users\/1"}],"replies":[{"embeddable":true,"href":"https:\/\/palef.pl\/wp-pl\/wp-json\/wp\/v2\/comments?post=13"}],"version-history":[{"count":7,"href":"https:\/\/palef.pl\/wp-pl\/wp-json\/wp\/v2\/pages\/13\/revisions"}],"predecessor-version":[{"id":85,"href":"https:\/\/palef.pl\/wp-pl\/wp-json\/wp\/v2\/pages\/13\/revisions\/85"}],"wp:attachment":[{"href":"https:\/\/palef.pl\/wp-pl\/wp-json\/wp\/v2\/media?parent=13"}],"curies":[{"name":"wp","href":"https:\/\/api.w.org\/{rel}","templated":true}]}}